{"id":30,"date":"2023-04-11T20:12:13","date_gmt":"2023-04-11T18:12:13","guid":{"rendered":"https:\/\/ronpresten.fr\/?page_id=30"},"modified":"2023-04-11T20:25:04","modified_gmt":"2023-04-11T18:25:04","slug":"biographie","status":"publish","type":"page","link":"https:\/\/ronpresten.fr\/?page_id=30","title":{"rendered":"Biographie"},"content":{"rendered":"<style>.wp-block-kadence-spacer.kt-block-spacer-_480a89-00 .kt-block-spacer{height:96px;}.wp-block-kadence-spacer.kt-block-spacer-_480a89-00 .kt-divider{border-top-width:1px;height:1px;border-top-color:#eee;width:80%;border-top-style:solid;}<\/style>\n<div class=\"wp-block-kadence-spacer aligncenter kt-block-spacer-_480a89-00\"><div class=\"kt-block-spacer kt-block-spacer-halign-center\"><\/div><\/div>\n\n\n\n<div class=\"wp-block-columns is-layout-flex wp-container-3\">\n<div class=\"wp-block-column is-layout-flow\" style=\"flex-basis:33.33%\">\n<p class=\"has-theme-palette-8-color has-text-color has-larger-font-size\"><strong>Biographie<\/strong><\/p>\n\n\n<style>.kb-image_86db4d-97.kb-image-is-ratio-size, .kb-image_86db4d-97 .kb-image-is-ratio-size{max-width:405px;width:100%;}.kb-image_86db4d-97{max-width:405px;}.image-is-svg.kb-image_86db4d-97{flex:0 1 100%;-webkit-flex:0 1 100%;}.image-is-svg.kb-image_86db4d-97 img{width:100%;}<\/style>\n<figure class=\"wp-block-kadence-image kb-image_86db4d-97 size-large\"><img decoding=\"async\" loading=\"lazy\" width=\"605\" height=\"606\" src=\"https:\/\/ronpresten.fr\/wp-content\/uploads\/2023\/04\/ban-ronP-edited-2.png\" alt=\"\" class=\"kb-img wp-image-35\" srcset=\"https:\/\/ronpresten.fr\/wp-content\/uploads\/2023\/04\/ban-ronP-edited-2.png 605w, https:\/\/ronpresten.fr\/wp-content\/uploads\/2023\/04\/ban-ronP-edited-2-300x300.png 300w, https:\/\/ronpresten.fr\/wp-content\/uploads\/2023\/04\/ban-ronP-edited-2-150x150.png 150w\" sizes=\"(max-width: 605px) 100vw, 605px\" \/><\/figure>\n<\/div>\n\n\n\n<div class=\"wp-block-column is-layout-flow\" style=\"flex-basis:66.66%\">\n<p class=\"has-theme-palette-8-color has-text-color\">Ronald Presten est un artiste polyvalent qui a connu un parcours atypique dans le monde de la cr\u00e9ation. N\u00e9 en en 1980 dans une famille modeste en r\u00e9gion parisienne. Tr\u00e8s jeune, il a d\u00e9couvert sa passion pour le dessin, qu&#8217;il a perfectionn\u00e9 au fil des ans.&nbsp;<\/p>\n\n\n\n<p class=\"has-theme-palette-8-color has-text-color\">Adolescent, il a \u00e9galement d\u00e9velopp\u00e9 un int\u00e9r\u00eat pour la musique, notamment le rap et le reggae dancehall. Il a ainsi particip\u00e9 \u00e0 de nombreux \u00e9v\u00e9nements musicaux, tels que des concerts, open mics et festivals de la sc\u00e8ne rap et reggae Dance hall.<\/p>\n\n\n\n<p class=\"has-theme-palette-8-color has-text-color\">Entre 2003 et 2005, Ronald a eu l&#8217;opportunit\u00e9 d&#8217;organiser des soir\u00e9es et des open mic, \u00e0 Bastille, grands lieux populaire de la nuit parisienne, o\u00f9 il a pu rassembler des artistes issus du milieu du RnB et du rap.<\/p>\n\n\n\n<p class=\"has-theme-palette-8-color has-text-color\">&nbsp;Fort de cette exp\u00e9rience, il a d\u00e9cid\u00e9 de se lancer dans la production musicale, et a cr\u00e9\u00e9 un concept album m\u00e9langeant les genres Zouk, Reggae et Dancehall intitul\u00e9 &#8220;Tropicale Shugga Vibes&#8221;.&nbsp;<\/p>\n\n\n\n<p class=\"has-theme-palette-8-color has-text-color\">Cette aventure lui a permis de d\u00e9couvrir la rudesse du milieu de la production musicale, mais \u00e9galement de produire une artiste de Zouk nomm\u00e9e &#8220;Pris&#8217;k Tullie&#8221;.&nbsp;<\/p>\n\n\n\n<p class=\"has-theme-palette-8-color has-text-color\">Parall\u00e8lement, Ronald a \u00e9galement d\u00e9couvert son talent pour la photographie et la r\u00e9alisation de clips, qu&#8217;il a utilis\u00e9 pour assurer la promotion de ses artistes.<\/p>\n\n\n\n<p class=\"has-theme-palette-8-color has-text-color\">Apr\u00e8s plusieurs \u00e9checs commerciaux, Ronald a d\u00e9cid\u00e9 de mettre son savoir-faire au service des autres en r\u00e9alisant plus de 100 clips vid\u00e9o et en prenant des clich\u00e9s pour des artistes et des mod\u00e8les.&nbsp;<\/p>\n\n\n\n<p class=\"has-theme-palette-8-color has-text-color\">En 2013, il a \u00e9t\u00e9 contact\u00e9 par Abraham Thompson pour r\u00e9aliser un court m\u00e9trage, et depuis, les deux acolytes ont co-r\u00e9alis\u00e9 plus de 10 courts-m\u00e9trages abordant diff\u00e9rents probl\u00e8mes soci\u00e9taux.&nbsp;<\/p>\n\n\n\n<p class=\"has-theme-palette-8-color has-text-color\">Ensemble, ils ont r\u00e9alis\u00e9 des films poignants m\u00e9langeant leurs univers, allant de la romance aux thrillers, en passant par la com\u00e9dies au sujet plus engag\u00e9.<\/p>\n\n\n\n<p class=\"has-theme-palette-8-color has-text-color\">Ronald Presten a acquis une riche exp\u00e9rience dans le monde de la musique, de la production et de l&#8217;audiovisuel. Aujourd&#8217;hui, il est d\u00e9termin\u00e9 \u00e0 partager son univers avec le plus grand nombre en r\u00e9alisant des longs-m\u00e9trages tout en continuant \u00e0 r\u00e9aliser des photographies et des clips vid\u00e9o. Il a \u00e9galement suivi une formation de d\u00e9veloppeur web pour \u00e9largir ses comp\u00e9tences et perspectives professionnelles. <\/p>\n\n\n\n<p class=\"has-theme-palette-8-color has-text-color\">Sa polyvalence et son parcours atypique font de lui un collaborateur appr\u00e9ci\u00e9 dans le monde de la cr\u00e9ation. Sa passion et sa d\u00e9termination font de lui un artiste \u00e0 suivre de pr\u00e8s.<\/p>\n<\/div>\n<\/div>\n","protected":false},"excerpt":{"rendered":"<p>Biographie Ronald Presten est un artiste polyvalent qui a connu un parcours atypique dans le monde de la cr\u00e9ation. N\u00e9 en en 1980 dans une famille modeste en r\u00e9gion parisienne. Tr\u00e8s jeune, il a d\u00e9couvert sa passion pour le dessin, qu&#8217;il a perfectionn\u00e9 au fil des ans.&nbsp; Adolescent, il a \u00e9galement d\u00e9velopp\u00e9 un int\u00e9r\u00eat pour&#8230;<\/p>\n","protected":false},"author":1,"featured_media":0,"parent":0,"menu_order":0,"comment_status":"closed","ping_status":"closed","template":"","meta":{"_kad_post_transparent":"","_kad_post_title":"hide","_kad_post_layout":"","_kad_post_sidebar_id":"","_kad_post_content_style":"","_kad_post_vertical_padding":"","_kad_post_feature":"","_kad_post_feature_position":"","_kad_post_header":false,"_kad_post_footer":false},"_links":{"self":[{"href":"https:\/\/ronpresten.fr\/index.php?rest_route=\/wp\/v2\/pages\/30"}],"collection":[{"href":"https:\/\/ronpresten.fr\/index.php?rest_route=\/wp\/v2\/pages"}],"about":[{"href":"https:\/\/ronpresten.fr\/index.php?rest_route=\/wp\/v2\/types\/page"}],"author":[{"embeddable":true,"href":"https:\/\/ronpresten.fr\/index.php?rest_route=\/wp\/v2\/users\/1"}],"replies":[{"embeddable":true,"href":"https:\/\/ronpresten.fr\/index.php?rest_route=%2Fwp%2Fv2%2Fcomments&post=30"}],"version-history":[{"count":3,"href":"https:\/\/ronpresten.fr\/index.php?rest_route=\/wp\/v2\/pages\/30\/revisions"}],"predecessor-version":[{"id":44,"href":"https:\/\/ronpresten.fr\/index.php?rest_route=\/wp\/v2\/pages\/30\/revisions\/44"}],"wp:attachment":[{"href":"https:\/\/ronpresten.fr\/index.php?rest_route=%2Fwp%2Fv2%2Fmedia&parent=30"}],"curies":[{"name":"wp","href":"https:\/\/api.w.org\/{rel}","templated":true}]}}